{"id":2318,"date":"2018-07-25T23:40:59","date_gmt":"2018-07-25T19:40:59","guid":{"rendered":"https:\/\/www.optimumsemper.ee\/rus\/?page_id=2318"},"modified":"2025-09-16T14:43:15","modified_gmt":"2025-09-16T10:43:15","slug":"eesti-keel","status":"publish","type":"page","link":"https:\/\/www.optimumsemper.ee\/rus\/tunniplaan\/eesti-keel\/","title":{"rendered":"\u042d\u0441\u0442\u043e\u043d\u0441\u043a\u0438\u0439 \u044f\u0437\u044b\u043a"},"content":{"rendered":"<h3><span style=\"color: #0000ff;\"><strong>\u041f\u0440\u0435\u0434\u0432\u0430\u0440\u0438\u0442\u0435\u043b\u044c\u043d\u043e\u0435 \u0440\u0430\u0441\u043f\u0438\u0441\u0430\u043d\u0438\u0435 \u0433\u0440\u0443\u043f\u043f\u043e\u0432\u044b\u0445 \u0437\u0430\u043d\u044f\u0442\u0438\u0439 \u043d\u0430 2025-2026 <\/strong><\/span><strong style=\"color: #0000ff;\">\u0443\u0447\u0435\u0431\u043d\u044b\u0439 \u0433\u043e\u0434<\/strong><strong style=\"color: #0000ff;\">!<br \/>\n<\/strong><\/h3>\n<h3><strong>\u042d\u0441\u0442\u043e\u043d\u0441\u043a\u0438\u0439 \u044f\u0437\u044b\u043a:\u00a0<\/strong><\/h3>\n<p>\u0414\u043b\u044f \u0438\u043d\u0444\u043e\u0440\u043c\u0430\u0446\u0438\u0438 \u043e\u0431 \u0438\u043d\u0434\u0438\u0432\u0438\u0434\u0443\u0430\u043b\u044c\u043d\u044b\u0445 \u0438 \u0437\u0430\u043d\u044f\u0442\u0438\u044f\u0445 \u0432 \u043c\u0438\u043d\u0438-\u0433\u0440\u0443\u043f\u043f\u0435 (2-3 \u0443\u0447\u0435\u043d\u0438\u043a\u0430) \u0441 \u00f5p. Olga, \u00f5p.Malle, \u00f5p. Darina (online), \u00f5p.Ulvi, \u00f5p.Anneli, \u00f5p.Katrin \u0441\u0432\u044f\u0436\u0438\u0442\u0435\u0441\u044c, \u043f\u043e\u0436\u0430\u043b\u0443\u0439\u0441\u0442\u0430, \u043f\u043e \u0442\u0435\u043b. +372 5540032<\/p>\n<p>\u0418\u0449\u0443\u0442 \u043f\u0430\u0440\u0443 \u0434\u043b\u044f \u0437\u0430\u043d\u044f\u0442\u0438\u0439 \u0432 \u043c\u0438\u043d\u0438-\u0433\u0440\u0443\u043f\u043f\u0435 (2-3 \u0443\u0447\u0435\u043d\u0438\u043a\u0430):<strong><br \/>\n&#8212; 6 \u043b\u0435\u0442 \u043f\u043e\u0434\u0433\u043e\u0442\u043e\u0432\u043a\u0430 \u043a \u044d\u0441\u0442\u043e\u043d\u0441\u043a\u043e\u0439 \u0448\u043a\u043e\u043b\u0435 &#8212; 1x \u043d\u0430 \u043d\u0435\u0434\u0435\u043b\u0435<br \/>\n&#8212; 4 \u043a\u043b\u0430\u0441\u0441 2x \u0432 \u043d\u0435\u0434\u0435\u043b\u044e<br \/>\n&#8212; 6 \u043a\u043b\u0430\u0441\u0441 2x \u0432 \u043d\u0435\u0434\u0435\u043b\u044e (3 \u0443\u0447\u0435\u043d\u0438\u043a\u0430)<br \/>\n&#8212; 9 \u043a\u043b\u0430\u0441\u0441 2x \u0432 \u043d\u0435\u0434\u0435\u043b\u044e (2-3 \u0443\u0447\u0435\u043d\u0438\u043a\u0430)<br \/>\n&#8212;\u00a0 9 \u043a\u043b\u0430\u0441\u0441 \u043f\u043e \u0432\u043e\u0441\u043a\u0440\u0435\u0441\u0435\u043d\u044c\u044f\u043c 11.15-12.15<br \/>\n&#8212; 3 \u043a\u043b\u0430\u0441\u0441 (1x \u0432 \u043d\u0435\u0434\u0435\u043b\u044e)<br \/>\n&#8212; 8 \u043a\u043b\u0430\u0441\u0441 1-2 \u0440\u0430\u0437\u0430 \u0432 \u043d\u0435\u0434\u0435\u043b\u044e<br \/>\n&#8212;\u00a0 2 \u043a\u043b\u0430\u0441\u0441 \u044d\u0441\u0442\u043e\u043d\u0441\u043a\u0430\u044f \u0448\u043a\u043e\u043b\u0430 \u043c\u0438\u043d\u0438-\u0433\u0440\u0443\u043f\u043f\u0430 (\u043c\u0430\u043b\u044c\u0447\u0438\u043a \u0438\u0449\u0435\u0442 \u043f\u0430\u0440\u0443) 2 x \u0432 \u043d\u0435\u0434\u0435\u043b\u044e<br \/>\n&#8212; 1 \u043a\u043b\u0430\u0441\u0441 (1x \u0432 \u043d\u0435\u0434\u0435\u043b\u044e)<br \/>\n&#8212; 10 \u043a\u043b\u0430\u0441\u0441 (1x \u0432 \u043d\u0435\u0434\u0435\u043b\u044e)<\/strong><\/p>\n<table style=\"width: 100%; height: 608px;\" border=\"1\" cellspacing=\"0\" cellpadding=\"0\">\n<tbody>\n<tr style=\"height: 35px;\">\n<td style=\"text-align: center; height: 35px; width: 10.95%;\">\n<h3>\u041f\u043e\u043d\u0435\u0434\u0435\u043b\u044c\u043d\u0438\u043a<\/h3>\n<\/td>\n<td style=\"text-align: center; height: 35px; width: 10.95%;\">\n<h3>\u0412\u0442\u043e\u0440\u043d\u0438\u043a<\/h3>\n<\/td>\n<td style=\"text-align: center; height: 35px; width: 10.95%;\">\n<h3>\u0421\u0440\u0435\u0434\u0430<\/h3>\n<\/td>\n<td style=\"text-align: center; height: 35px; width: 10.95%;\">\n<h3>\u0427\u0435\u0442\u0432\u0435\u0440\u0433<\/h3>\n<\/td>\n<td style=\"text-align: center; height: 35px; width: 10.95%;\">\n<h3>\u041f\u044f\u0442\u043d\u0438\u0446\u0430<\/h3>\n<\/td>\n<td style=\"text-align: center; height: 35px; width: 11.0225%;\">\n<h3>\u0421\u0443\u0431\u0431\u043e\u0442\u0430<\/h3>\n<\/td>\n<td style=\"text-align: center; height: 35px; width: 34.0827%;\">\n<h3>\u0412\u043e\u0441\u043a\u0440\u0435\u0441\u0435\u043d\u044c\u0435<\/h3>\n<\/td>\n<\/tr>\n<tr style=\"height: 72px;\">\n<td style=\"text-align: center; height: 72px; width: 10.95%;\" valign=\"top\" width=\"129\"><strong><span style=\"color: #000080;\">15.30-16.30<\/span><\/strong><br \/>\n<strong><span style=\"color: #000080;\">3 \u043a\u043b\u0430\u0441\u0441<\/span><\/strong><\/td>\n<td style=\"text-align: center; height: 72px; width: 10.95%;\" valign=\"top\" width=\"129\"><\/td>\n<td style=\"height: 72px; width: 10.95%; text-align: center;\" valign=\"top\" width=\"129\"><\/td>\n<td style=\"text-align: center; height: 72px; width: 10.95%;\" valign=\"top\" width=\"129\"><\/td>\n<td style=\"text-align: center; height: 72px; width: 10.95%;\" valign=\"top\" width=\"129\"><\/td>\n<td style=\"text-align: center; height: 72px; width: 11.0225%;\" valign=\"top\" width=\"130\"><em><strong><span style=\"color: #0000ff;\"><br \/>\n<\/span><\/strong><\/em><em><strong>09.30-11.00<\/strong><\/em><br style=\"font-style: italic;\" \/><em><strong>M\u00e4ngukool: \u041f\u043e\u0434\u0433\u043e\u0442\u043e\u0432\u043a\u0430 \u043a \u0448\u043a\u043e\u043b\u0435 \u043d\u0430 \u044d\u0441\u0442\u043e\u043d\u0441\u043a\u043e\u043c \u044f\u0437<br \/>\n5-6 \u043b\u0435\u0442<br \/>\n<\/strong>\u00f5p.Olga<\/em><\/td>\n<td style=\"text-align: center; height: 72px; width: 34.0827%;\" valign=\"top\"><strong>10.10-11.10<br \/>\n\u043c\u0438\u043d\u0438-\u0433\u0440\u0443\u043f\u043f\u0430 (2 \u0443\u0447\u0435\u043d\u0438\u043a\u0430)<br \/>\n<\/strong><strong><strong><strong>4 \u043a\u043b\u0430\u0441\u0441 (\u043c\u0430\u043b\u044c\u0447\u0438\u043a \u0438\u0449\u0435\u0442 \u043f\u0430\u0440\u0443)<\/strong><\/strong><\/strong><\/td>\n<\/tr>\n<tr style=\"height: 69px;\">\n<td style=\"text-align: center; width: 10.95%; height: 69px;\"><strong><span style=\"color: #339966;\">15.30-16.30<\/span><\/strong><br \/>\n<strong><span style=\"color: #339966;\">4 \u043a\u043b\u0430\u0441\u0441<\/span><\/strong><br \/>\n<strong><span style=\"color: #339966;\">\u043c\u0438\u043d\u0438-\u0433\u0440\u0443\u043f\u043f\u0430<\/span><\/strong><br \/>\n<strong><span style=\"color: #339966;\">(\u043c\u0430\u043b\u044c\u0447\u0438\u043a \u0438\u0449\u0435\u0442 \u043f\u0430\u0440\u0443)<\/span><\/strong><\/td>\n<td style=\"text-align: center; width: 10.95%; height: 69px;\"><strong><span style=\"color: #0000ff;\">\u00a014.35-15.35<\/span><\/strong><br \/>\n<strong><span style=\"color: #0000ff;\">\u043c\u0438\u043d\u0438-\u0433\u0440\u0443\u043f\u043f\u0430<\/span><\/strong><br \/>\n<strong><span style=\"color: #0000ff;\">3 \u043a\u043b\u0430\u0441\u0441<\/span><\/strong><\/td>\n<td style=\"width: 10.95%; text-align: center; height: 69px;\"><\/td>\n<td style=\"text-align: center; width: 10.95%; height: 69px;\"><strong><span style=\"color: #0000ff;\">\u00a014.35-15.35<br \/>\n\u043c\u0438\u043d\u0438-\u0433\u0440\u0443\u043f\u043f\u0430<br \/>\n3 \u043a\u043b\u0430\u0441\u0441<br \/>\n<\/span><\/strong><\/td>\n<td style=\"text-align: center; width: 10.95%; height: 69px;\"><strong><span style=\"color: #339966;\">15.30-16.30<\/span><\/strong><br \/>\n<strong><span style=\"color: #339966;\">4 \u043a\u043b\u0430\u0441\u0441<\/span><\/strong><br \/>\n<strong><span style=\"color: #339966;\">\u043c\u0438\u043d\u0438-\u0433\u0440\u0443\u043f\u043f\u0430<\/span><\/strong><br \/>\n<strong><span style=\"color: #339966;\">(\u043c\u0430\u043b\u044c\u0447\u0438\u043a \u0438\u0449\u0435\u0442 \u043f\u0430\u0440\u0443)<\/span><\/strong><\/td>\n<td style=\"text-align: center; width: 11.0225%; height: 69px;\"><span style=\"color: #993366;\"><strong>11.10-12.40<br \/>\n<\/strong><\/span><em><strong>\u041f\u043e\u0434\u0433\u043e\u0442\u043e\u0432\u043a\u0430 \u043a \u0448\u043a\u043e\u043b\u0435 \u043d\u0430 \u044d\u0441\u0442\u043e\u043d\u0441\u043a\u043e\u043c \u044f\u0437 5-7 \u043b\u0435\u0442<br \/>\n\u00f5p.Olga<\/strong><\/em><\/td>\n<td style=\"text-align: center; width: 34.0827%; height: 69px;\"><strong>11.15-12.15<\/strong><br \/>\n<strong>9 \u043a\u043b\u0430\u0441\u0441<\/strong><br \/>\n<strong>\u043c\u0438\u043d\u0438-\u0433\u0440\u0443\u043f\u043f\u0430<\/strong><br \/>\n<strong>(\u043c\u0430\u043b\u044c\u0447\u0438\u043a \u0438\u0449\u0435\u0442 \u043f\u0430\u0440\u0443)<\/strong><\/td>\n<\/tr>\n<tr style=\"height: 120px;\">\n<td style=\"text-align: center; height: 120px; width: 10.95%;\" valign=\"top\" width=\"129\"><strong><span style=\"color: #800000;\">16.35-17.35<\/span><\/strong><br \/>\n<strong><span style=\"color: #800000;\">4-5 \u043a\u043b\u0430\u0441\u0441<\/span><\/strong><\/td>\n<td style=\"text-align: center; height: 120px; width: 10.95%;\" valign=\"top\" width=\"129\">15.30-16.30<br \/>\n\u043c\u0438\u043d\u0438-\u0433\u0440\u0443\u043f\u043f\u0430<br \/>\n5 \u043a\u043b\u0430\u0441\u0441<\/td>\n<td style=\"text-align: center; height: 120px; width: 10.95%;\" valign=\"top\" width=\"129\">15.30-16.30<br \/>\n7 \u043a\u043b\u0430\u0441\u0441<br \/>\n\u043c\u0438\u043d\u0438-\u0433\u0440\u0443\u043f\u043f\u0430<\/td>\n<td style=\"text-align: center; height: 120px; width: 10.95%;\" valign=\"top\" width=\"129\"><strong><span style=\"color: #ff00ff;\">16.35-17.35<\/span><\/strong><br \/>\n<strong><span style=\"color: #ff00ff;\">6-7 \u043a\u043b\u0430\u0441\u0441<br \/>\n(\u043c\u0438\u043d\u0438-\u0433\u0440\u0443\u043f\u043f\u0430)<br \/>\n\u00f5p.Anneli<\/span><\/strong><\/td>\n<td style=\"text-align: center; height: 120px; width: 10.95%;\" valign=\"top\" width=\"129\"><strong><span style=\"color: #000080;\">15.30-16.30\u00a0<\/span><\/strong><br \/>\n<strong><span style=\"color: #000080;\">3 \u043a\u043b\u0430\u0441\u0441<\/span><\/strong><\/td>\n<td style=\"text-align: center; height: 120px; width: 11.0225%;\" valign=\"top\" width=\"130\"><span style=\"color: #ff00ff;\"><span style=\"color: #000000;\"><em><strong>12.50-13.50<br \/>\n\u043c\u0438\u043d\u0438-\u0433\u0440\u0443\u043f\u043f\u0430<br \/>\n<\/strong><\/em><strong>3 \u043a\u043b\u0430\u0441\u0441<br \/>\n<\/strong><em><strong>\u00f5p.Olga<\/strong><\/em><\/span><\/span><\/td>\n<td style=\"text-align: center; height: 120px; width: 34.0827%;\" valign=\"top\"><\/td>\n<\/tr>\n<tr style=\"height: 72px;\">\n<td style=\"text-align: center; height: 72px; width: 10.95%;\" valign=\"top\" width=\"129\">17.40-18.40<br \/>\n9 \u043a\u043b\u0430\u0441\u0441<br \/>\n\u043c\u0438\u043d\u0438-\u0433\u0440\u0443\u043f\u043f\u0430<\/td>\n<td style=\"text-align: center; height: 72px; width: 10.95%;\" valign=\"top\" width=\"129\"><strong><span style=\"color: #ff00ff;\">16.35-17.35\u00a0<\/span><\/strong><br \/>\n<strong><span style=\"color: #ff00ff;\">6-7 \u043a\u043b\u0430\u0441\u0441<br \/>\n(\u043c\u0438\u043d\u0438-\u0433\u0440\u0443\u043f\u043f\u0430<\/span><\/strong><strong><span style=\"color: #ff00ff;\">)<br \/>\n\u00f5p.Anneli<\/span><\/strong><\/td>\n<td style=\"text-align: center; height: 72px; width: 10.95%;\" valign=\"top\" width=\"129\"><\/td>\n<td style=\"height: 72px; text-align: center; width: 10.95%;\" valign=\"top\" width=\"129\">16.35-17.35<br \/>\n9 \u043a\u043b\u0430\u0441\u0441<br \/>\n\u043c\u0438\u043d\u0438-\u0433\u0440\u0443\u043f\u043f\u0430<\/td>\n<td style=\"text-align: center; height: 72px; width: 10.95%;\" valign=\"top\" width=\"129\"><strong><span style=\"color: #800000;\">16.35-17.35<\/span><\/strong><br \/>\n<strong><span style=\"color: #800000;\">4-5 \u043a\u043b\u0430\u0441\u0441<\/span><\/strong><\/td>\n<td style=\"text-align: center; height: 72px; width: 11.0225%;\" valign=\"top\" width=\"130\"><em><strong>13.55-14.55\u00a0<\/strong><\/em><br \/>\n<em><strong>\u043c\u0438\u043d\u0438-\u0433\u0440\u0443\u043f\u043f\u0430<br \/>\n3 \u043a\u043b\u0430\u0441\u0441<br \/>\n\u00f5p.Olga<\/strong>\u00a0<\/em><\/td>\n<td style=\"text-align: center; height: 72px; width: 34.0827%;\" valign=\"top\"><\/td>\n<\/tr>\n<tr style=\"height: 168px;\">\n<td style=\"text-align: center; height: 168px; width: 10.95%;\" valign=\"top\" width=\"129\">18.45-19.45<br \/>\n9 \u043a\u043b\u0430\u0441\u0441<br \/>\n\u043c\u0438\u043d\u0438-\u0433\u0440\u0443\u043f\u043f\u0430<\/td>\n<td style=\"text-align: center; height: 168px; width: 10.95%;\" valign=\"top\" width=\"129\">17.40-18.40<br \/>\n9 \u043a\u043b\u0430\u0441\u0441<br \/>\n\u043c\u0438\u043d\u0438-\u0433\u0440\u0443\u043f\u043f\u0430<\/td>\n<td style=\"text-align: center; height: 168px; width: 10.95%;\" valign=\"top\" width=\"129\">18.45-19.45<br \/>\n9 \u043a\u043b\u0430\u0441\u0441<br \/>\n\u043c\u0438\u043d\u0438-\u0433\u0440\u0443\u043f\u043f\u0430<\/td>\n<td style=\"height: 168px; width: 10.95%; text-align: center;\" valign=\"top\" width=\"129\"><\/td>\n<td style=\"text-align: center; height: 168px; width: 10.95%;\" valign=\"top\" width=\"129\">16.35-17.35<br \/>\n7 \u043a\u043b\u0430\u0441\u0441<br \/>\n\u0433\u0440\u0443\u043f\u043f\u0430<br \/>\n1 \u0440\u0430\u0437 \u0432 \u043d\u0435\u0434\u0435\u043b\u044e<\/td>\n<td style=\"text-align: center; height: 168px; width: 11.0225%;\" valign=\"top\" width=\"130\"><span style=\"color: #000000;\"><strong>15.05-16.05<br \/>\n\u043c\u0438\u043d\u0438-\u0433\u0440\u0443\u043f\u043f\u0430<br \/>\n8 \u043a\u043b\u0430\u0441\u0441<br \/>\n\u00f5p.Olga<\/strong><\/span><\/td>\n<td style=\"text-align: center; height: 168px; width: 34.0827%;\" valign=\"top\"><\/td>\n<\/tr>\n<tr>\n<td style=\"text-align: center; width: 10.95%;\"><\/td>\n<td style=\"text-align: center; width: 10.95%;\"><\/td>\n<td style=\"text-align: center; width: 10.95%;\"><\/td>\n<td style=\"width: 10.95%; text-align: center;\"><\/td>\n<td style=\"text-align: center; width: 10.95%;\"><\/td>\n<td style=\"text-align: center; width: 11.0225%;\"><strong>10.00-11.00\u00a0<\/strong><br \/>\n<strong>\u043c\u0438\u043d\u0438-\u0433\u0440\u0443\u043f\u043f\u0430 <\/strong><br \/>\n<strong>6 \u043a\u043b\u0430\u0441\u0441<br \/>\n\u00f5p.Anneli<\/strong><\/td>\n<td style=\"text-align: center; width: 34.0827%;\"><\/td>\n<\/tr>\n<tr>\n<td style=\"text-align: center; width: 10.95%;\"><\/td>\n<td style=\"text-align: center; width: 10.95%;\"><\/td>\n<td style=\"text-align: center; width: 10.95%;\"><\/td>\n<td style=\"width: 10.95%; text-align: center;\"><\/td>\n<td style=\"text-align: center; width: 10.95%;\"><\/td>\n<td style=\"text-align: center; width: 11.0225%;\"><strong><span style=\"color: #ff0000;\"><span style=\"color: #333399;\"><span style=\"color: #000000;\">11.05-12.05<br \/>\n10 \u043a\u043b\u0430\u0441\u0441<\/span><br \/>\n<span style=\"color: #000000;\">\u043c\u0438\u043d\u0438-\u0433\u0440\u0443\u043f\u043f\u0430<br \/>\n\u00f5p.Anneli<\/span><\/span><\/span><\/strong><\/td>\n<td style=\"text-align: center; width: 34.0827%;\"><\/td>\n<\/tr>\n<tr>\n<td style=\"text-align: center; width: 10.95%;\"><\/td>\n<td style=\"text-align: center; width: 10.95%;\"><\/td>\n<td style=\"text-align: center; width: 10.95%;\"><\/td>\n<td style=\"width: 10.95%; text-align: center;\"><\/td>\n<td style=\"text-align: center; width: 10.95%;\"><\/td>\n<td style=\"text-align: center; width: 11.0225%;\"><strong><span style=\"color: #ff0000;\"><span style=\"color: #333399;\"><span style=\"color: #000000;\">12.10-13.10<br \/>\n\u043c\u0438\u043d\u0438-\u0433\u0440\u0443\u043f\u043f\u0430<br \/>\n9 \u043a\u043b\u0430\u0441\u0441<br \/>\n\u00f5p.Anneli<\/span><\/span><\/span><\/strong><\/td>\n<td style=\"text-align: center; width: 34.0827%;\"><\/td>\n<\/tr>\n<tr>\n<td style=\"text-align: center; width: 10.95%;\"><\/td>\n<td style=\"text-align: center; width: 10.95%;\"><\/td>\n<td style=\"text-align: center; width: 10.95%;\"><\/td>\n<td style=\"width: 10.95%; text-align: center;\"><\/td>\n<td style=\"text-align: center; width: 10.95%;\"><\/td>\n<td style=\"text-align: center; width: 11.0225%;\"><strong><span style=\"color: #ff0000;\"><span style=\"color: #333399;\"><span style=\"color: #000000;\">13.15-14.15<br \/>\n\u043c\u0438\u043d\u0438-\u0433\u0440\u0443\u043f\u043f\u0430<br \/>\n8 \u043a\u043b\u0430\u0441\u0441<br \/>\n\u00f5p.Anneli<\/span><\/span><\/span><\/strong><\/td>\n<td style=\"text-align: center; width: 34.0827%;\"><\/td>\n<\/tr>\n<\/tbody>\n<\/table>\n<p>&nbsp;<\/p>\n","protected":false},"excerpt":{"rendered":"<p>\u041f\u0440\u0435\u0434\u0432\u0430\u0440\u0438\u0442\u0435\u043b\u044c\u043d\u043e\u0435 \u0440\u0430\u0441\u043f\u0438\u0441\u0430\u043d\u0438\u0435 \u0433\u0440\u0443\u043f\u043f\u043e\u0432\u044b\u0445 \u0437\u0430\u043d\u044f\u0442\u0438\u0439 \u043d\u0430 2025-2026 \u0443\u0447\u0435\u0431\u043d\u044b\u0439 \u0433\u043e\u0434! \u042d\u0441\u0442\u043e\u043d\u0441\u043a\u0438\u0439 \u044f\u0437\u044b\u043a:\u00a0 \u0414\u043b\u044f \u0438\u043d\u0444\u043e\u0440\u043c\u0430\u0446\u0438\u0438 \u043e\u0431 \u0438\u043d\u0434\u0438\u0432\u0438\u0434\u0443\u0430\u043b\u044c\u043d\u044b\u0445 \u0438 \u0437\u0430\u043d\u044f\u0442\u0438\u044f\u0445 \u0432 \u043c\u0438\u043d\u0438-\u0433\u0440\u0443\u043f\u043f\u0435 (2-3 \u0443\u0447\u0435\u043d\u0438\u043a\u0430) \u0441 \u00f5p. Olga, \u00f5p.Malle, \u00f5p. Darina (online), \u00f5p.Ulvi, \u00f5p.Anneli, \u00f5p.Katrin \u0441\u0432\u044f\u0436\u0438\u0442\u0435\u0441\u044c, \u043f\u043e\u0436\u0430\u043b\u0443\u0439\u0441\u0442\u0430, \u043f\u043e \u0442\u0435\u043b. +372 5540032 \u0418\u0449\u0443\u0442 \u043f\u0430\u0440\u0443 \u0434\u043b\u044f \u0437\u0430\u043d\u044f\u0442\u0438\u0439 \u0432 \u043c\u0438\u043d\u0438-\u0433\u0440\u0443\u043f\u043f\u0435 (2-3 \u0443\u0447\u0435\u043d\u0438\u043a\u0430): &#8212; 6 \u043b\u0435\u0442 \u043f\u043e\u0434\u0433\u043e\u0442\u043e\u0432\u043a\u0430 \u043a \u044d\u0441\u0442\u043e\u043d\u0441\u043a\u043e\u0439 \u0448\u043a\u043e\u043b\u0435 &#8212; 1x \u043d\u0430 \u043d\u0435\u0434\u0435\u043b\u0435 [&hellip;]<\/p>\n","protected":false},"author":1,"featured_media":0,"parent":10,"menu_order":0,"comment_status":"closed","ping_status":"closed","template":"","meta":{"footnotes":""},"class_list":["post-2318","page","type-page","status-publish","hentry"],"_links":{"self":[{"href":"https:\/\/www.optimumsemper.ee\/rus\/wp-json\/wp\/v2\/pages\/2318","targetHints":{"allow":["GET"]}}],"collection":[{"href":"https:\/\/www.optimumsemper.ee\/rus\/wp-json\/wp\/v2\/pages"}],"about":[{"href":"https:\/\/www.optimumsemper.ee\/rus\/wp-json\/wp\/v2\/types\/page"}],"author":[{"embeddable":true,"href":"https:\/\/www.optimumsemper.ee\/rus\/wp-json\/wp\/v2\/users\/1"}],"replies":[{"embeddable":true,"href":"https:\/\/www.optimumsemper.ee\/rus\/wp-json\/wp\/v2\/comments?post=2318"}],"version-history":[{"count":5,"href":"https:\/\/www.optimumsemper.ee\/rus\/wp-json\/wp\/v2\/pages\/2318\/revisions"}],"predecessor-version":[{"id":3486,"href":"https:\/\/www.optimumsemper.ee\/rus\/wp-json\/wp\/v2\/pages\/2318\/revisions\/3486"}],"up":[{"embeddable":true,"href":"https:\/\/www.optimumsemper.ee\/rus\/wp-json\/wp\/v2\/pages\/10"}],"wp:attachment":[{"href":"https:\/\/www.optimumsemper.ee\/rus\/wp-json\/wp\/v2\/media?parent=2318"}],"curies":[{"name":"wp","href":"https:\/\/api.w.org\/{rel}","templated":true}]}}