{"id":2960,"date":"2020-10-27T12:12:00","date_gmt":"2020-10-27T08:12:00","guid":{"rendered":"https:\/\/www.optimumsemper.ee\/rus\/?page_id=2960"},"modified":"2020-10-27T12:34:12","modified_gmt":"2020-10-27T08:34:12","slug":"molodezhnaya-vstrecha-2020-s-estonskimi-sverstnikami","status":"publish","type":"page","link":"https:\/\/www.optimumsemper.ee\/rus\/molodezhnaya-vstrecha-2020-s-estonskimi-sverstnikami\/","title":{"rendered":"\u041c\u043e\u043b\u043e\u0434\u0435\u0436\u043d\u0430\u044f \u0432\u0441\u0442\u0440\u0435\u0447\u0430 \u0441 \u044d\u0441\u0442\u043e\u043d\u0441\u043a\u0438\u043c\u0438 \u0441\u0432\u0435\u0440\u0441\u0442\u043d\u0438\u043a\u0430\u043c\u0438 27.07-31.07.2020"},"content":{"rendered":"<p>27.07-31.07.2020 toimus Otep\u00e4\u00e4l Sokka puhkekeskuses noortekohtumine huvikooli Optimum Semper, Illuka kooli ja Eesti noorte vahel. Projektist v\u00f5tsid osa eesti ja vene kodukeelega noored Tallinnast, Illuka vallast ja Narvast. Noorteprojekti teemaks oli \u201eNoored tahavad kaasa r\u00e4\u00e4kida\u201c.<\/p>\n<p>See oli poliitikateemaline vene, eesti noorte kohtumine, kus tegutsesime ja r\u00e4\u00e4kisime kahes keeles. Projektiidee tekkis koolitusel Idee45 m\u00e4rtsis 2020, \u201ekohvikus\u201c osalemise k\u00e4igus \u201cPoliitika\u201d laua taga\u00a0arutledes tekkis k\u00fcsimus, miks noored ei tunne huvi poliitika vastu. P\u00f5hjusanal\u00fc\u00fcsi viie miksiga k\u00e4igus tekkis huvi ja m\u00f5tted poliitika teemaga edasi minna, et saada rohkem infot poliitika, noortepoliitika kohta, muuta oma suhtumist poliitikasse, kohtuda\u00a0 poliitikuga ja uurida, kuidas saadakse poliitikuks, arendada endas eneseusku, liidriomadusi, meeskonnat\u00f6\u00f6oskusi; panna ennast proovile poliitiku rollis, \u00f5ppida esinema teiste ees, oma arvamust v\u00e4ljendama ja kaitsma.<\/p>\n<p>Meil k\u00e4is k\u00fclas Viktoria Lad\u00f5nskaja-Kubits, kes r\u00e4\u00e4kis oma t\u00f6\u00f6st, tegemistest poliitikuna ja milline rikkus\u00a0on osata mitut keelt. Ku\u0308las ka\u0308isid veel ENL-ist Gregory-Martin Linder ja Gerda Ma\u0308nniste, kes m\u00f5lemad r\u00e4\u00e4kisid oma tegemistest. Peale k\u00fclaliste k\u00e4iku sai noortekohtumine poliitilise vaimu sisse ja peeti debatt.<\/p>\n<p>Nende k\u00fclaliskohtumiste k\u00e4igus meie saime teada, mis on need organisatsioonid, kus meie v\u00f5iksime oma s\u00f5na sekka \u00f6elda, millest alustada, kui\u00a0tahame aktiivsemalt osaleda\u00a0otsuste vastuv\u00f5tmises, mis\u00a0puudutavad meie elukeskkonda; kuidas saab olla kaasatud otsuste tegemisse; millised on need organisatsioonid, kuhu\u00a0v\u00f5ib p\u00f6\u00f6rduda, kui on soovi kaasa r\u00e4\u00e4kida noorte aktuaalsetel teemadel.<\/p>\n<p>Laagril oli ka oma \u00fclem n\u00f5ukogu, kuhu kuulusid: president, peaminister, haridusminister, keskkonnaminister ja n\u00f5unik. Nende \u00fclesanne oli teha kindlaks, et k\u00fclalistel oleks k\u00f5ik h\u00e4sti ja nende v\u00e4lja m\u00f5elda oli, kuidas k\u00fclalisi vastu v\u00f5tta. Haridusministril oli \u00fclesanne sisse juhatada noortekohtumise tantsushow ja keskkonnaministri \u00fclesanne oli sisse juhatada pr\u00fcgi v\u00f5imlemine. Pr\u00fcgi v\u00f5imlemine oli tiimi tegevus, kus tiimid jagati erinevatesse sektoritesse ja neil oli vaja \u00fcles korjata k\u00f5ik pr\u00fcgi, mis silma alla j\u00e4i. Leiti palju erinevaid asju ning meie territoorium sai poole puhtamaks.<\/p>\n<p>Aega aitasid sisustada seltskonnam\u00e4ngud, oli hoogsaid ja rahulikke m\u00e4nge, m\u00e4ngijaid oli igas m\u00e4ngus. Eriti \u00e4gedaks kujunes meeskonnat\u00f6\u00f6 ol\u00fcmpia. Seda m\u00e4ngu m\u00e4ngisime 6- liikmelistes tiimides. Kokku tuli tiimidel l\u00e4bi teha 6 m\u00e4ngulist \u00fclesannet, kus v\u00f5idu t\u00f5id usaldus, \u00fcksteise m\u00f5istmine, suhtlemisoskus ja arusaam \u00fchisest eesm\u00e4rgist.<\/p>\n<p>Noorte kohtumised on kasuks nii eest noortele, kui ka vene noortele. Noored t\u00e4iendavad oma keelelist s\u00f5navara ja suhtlemisoskusi kodukeeles ja v\u00f5\u00f5rkeeles. Need projektid aiatavad tugevdada suhteid, koost\u00f6\u00f6d erineva kultuuritaustaga noorte vahel. Kokkuv\u00f5ttes v\u00f5ib \u00f6elda, et meil t\u00f5esti l\u00e4bi projektitegevuste suurenes teadlikkus poliitikast ja m\u00f5nedes noortes \u00a0\u00e4rkas huvi poliitika vastu.<\/p>\n<p style=\"text-align: center;\"><strong>See noortekohtumine oli v\u00e4ga \u00f5petlik, hariv ja tegevused olid teguderohked.<\/strong><\/p>\n<p style=\"text-align: center;\">S\u00e4de, Nora Marii, Lev<\/p>\n<p style=\"text-align: center;\"><em>Noortekohtumiste elluviimist rahastatakse Haridus- ja Noorteameti toel<\/em><\/p>\n<p><img loading=\"lazy\" decoding=\"async\" class=\"alignleft size-medium wp-image-2964\" src=\"https:\/\/www.optimumsemper.ee\/rus\/wp-content\/uploads\/sites\/2\/2020\/10\/pilt_5_artikkel-300x225.jpg\" alt=\"\" width=\"300\" height=\"225\" srcset=\"https:\/\/www.optimumsemper.ee\/rus\/wp-content\/uploads\/sites\/2\/2020\/10\/pilt_5_artikkel-300x225.jpg 300w, https:\/\/www.optimumsemper.ee\/rus\/wp-content\/uploads\/sites\/2\/2020\/10\/pilt_5_artikkel.jpg 640w\" sizes=\"auto, (max-width: 300px) 100vw, 300px\" \/><img loading=\"lazy\" decoding=\"async\" class=\"alignleft wp-image-2967 size-medium\" src=\"https:\/\/www.optimumsemper.ee\/rus\/wp-content\/uploads\/sites\/2\/2020\/10\/pilt_1_artikkel-1-300x225.jpg\" alt=\"\" width=\"300\" height=\"225\" srcset=\"https:\/\/www.optimumsemper.ee\/rus\/wp-content\/uploads\/sites\/2\/2020\/10\/pilt_1_artikkel-1-300x225.jpg 300w, https:\/\/www.optimumsemper.ee\/rus\/wp-content\/uploads\/sites\/2\/2020\/10\/pilt_1_artikkel-1-1024x768.jpg 1024w, https:\/\/www.optimumsemper.ee\/rus\/wp-content\/uploads\/sites\/2\/2020\/10\/pilt_1_artikkel-1-768x576.jpg 768w, https:\/\/www.optimumsemper.ee\/rus\/wp-content\/uploads\/sites\/2\/2020\/10\/pilt_1_artikkel-1-1536x1152.jpg 1536w, https:\/\/www.optimumsemper.ee\/rus\/wp-content\/uploads\/sites\/2\/2020\/10\/pilt_1_artikkel-1.jpg 2016w\" sizes=\"auto, (max-width: 300px) 100vw, 300px\" \/><\/p>\n<p><img loading=\"lazy\" decoding=\"async\" class=\"alignleft size-medium wp-image-2962\" src=\"https:\/\/www.optimumsemper.ee\/rus\/wp-content\/uploads\/sites\/2\/2020\/10\/pilt_3_artikkel-300x225.jpg\" alt=\"\" width=\"300\" height=\"225\" srcset=\"https:\/\/www.optimumsemper.ee\/rus\/wp-content\/uploads\/sites\/2\/2020\/10\/pilt_3_artikkel-300x225.jpg 300w, https:\/\/www.optimumsemper.ee\/rus\/wp-content\/uploads\/sites\/2\/2020\/10\/pilt_3_artikkel.jpg 640w\" sizes=\"auto, (max-width: 300px) 100vw, 300px\" \/><\/p>\n<p><img loading=\"lazy\" decoding=\"async\" class=\"alignleft size-medium wp-image-2965\" src=\"https:\/\/www.optimumsemper.ee\/rus\/wp-content\/uploads\/sites\/2\/2020\/10\/pilt2_artikkel-224x300.jpg\" alt=\"\" width=\"224\" height=\"300\" srcset=\"https:\/\/www.optimumsemper.ee\/rus\/wp-content\/uploads\/sites\/2\/2020\/10\/pilt2_artikkel-224x300.jpg 224w, https:\/\/www.optimumsemper.ee\/rus\/wp-content\/uploads\/sites\/2\/2020\/10\/pilt2_artikkel-764x1024.jpg 764w, https:\/\/www.optimumsemper.ee\/rus\/wp-content\/uploads\/sites\/2\/2020\/10\/pilt2_artikkel-768x1029.jpg 768w, https:\/\/www.optimumsemper.ee\/rus\/wp-content\/uploads\/sites\/2\/2020\/10\/pilt2_artikkel-1146x1536.jpg 1146w, https:\/\/www.optimumsemper.ee\/rus\/wp-content\/uploads\/sites\/2\/2020\/10\/pilt2_artikkel.jpg 1504w\" sizes=\"auto, (max-width: 224px) 100vw, 224px\" \/><\/p>\n<p>&nbsp;<\/p>\n","protected":false},"excerpt":{"rendered":"<p>27.07-31.07.2020 toimus Otep\u00e4\u00e4l Sokka puhkekeskuses noortekohtumine huvikooli Optimum Semper, Illuka kooli ja Eesti noorte vahel. Projektist v\u00f5tsid osa eesti ja vene kodukeelega noored Tallinnast, Illuka vallast ja Narvast. Noorteprojekti teemaks oli \u201eNoored tahavad kaasa r\u00e4\u00e4kida\u201c. See oli poliitikateemaline vene, eesti noorte kohtumine, kus tegutsesime ja r\u00e4\u00e4kisime kahes keeles. Projektiidee tekkis koolitusel Idee45 m\u00e4rtsis 2020, \u201ekohvikus\u201c [&hellip;]<\/p>\n","protected":false},"author":1,"featured_media":0,"parent":0,"menu_order":0,"comment_status":"closed","ping_status":"closed","template":"","meta":{"footnotes":""},"class_list":["post-2960","page","type-page","status-publish","hentry"],"_links":{"self":[{"href":"https:\/\/www.optimumsemper.ee\/rus\/wp-json\/wp\/v2\/pages\/2960","targetHints":{"allow":["GET"]}}],"collection":[{"href":"https:\/\/www.optimumsemper.ee\/rus\/wp-json\/wp\/v2\/pages"}],"about":[{"href":"https:\/\/www.optimumsemper.ee\/rus\/wp-json\/wp\/v2\/types\/page"}],"author":[{"embeddable":true,"href":"https:\/\/www.optimumsemper.ee\/rus\/wp-json\/wp\/v2\/users\/1"}],"replies":[{"embeddable":true,"href":"https:\/\/www.optimumsemper.ee\/rus\/wp-json\/wp\/v2\/comments?post=2960"}],"version-history":[{"count":5,"href":"https:\/\/www.optimumsemper.ee\/rus\/wp-json\/wp\/v2\/pages\/2960\/revisions"}],"predecessor-version":[{"id":2975,"href":"https:\/\/www.optimumsemper.ee\/rus\/wp-json\/wp\/v2\/pages\/2960\/revisions\/2975"}],"wp:attachment":[{"href":"https:\/\/www.optimumsemper.ee\/rus\/wp-json\/wp\/v2\/media?parent=2960"}],"curies":[{"name":"wp","href":"https:\/\/api.w.org\/{rel}","templated":true}]}}