{"id":870,"date":"2013-09-13T12:01:56","date_gmt":"2013-09-13T08:01:56","guid":{"rendered":"https:\/\/www.optimumsemper.ee\/rus\/?page_id=870"},"modified":"2016-09-12T09:12:17","modified_gmt":"2016-09-12T05:12:17","slug":"estonskiy-yazyik-mangukool","status":"publish","type":"page","link":"https:\/\/www.optimumsemper.ee\/rus\/grupiope\/estonskiy-yazyik-mangukool\/","title":{"rendered":"\u042d\u0441\u0442\u043e\u043d\u0441\u043a\u0438\u0439 \u044f\u0437\u044b\u043a: m\u00e4ngukool"},"content":{"rendered":"<h1><span style=\"color: #ff6600;\">\u0421\u0430\u043c\u043e\u0435 \u0432\u0440\u0435\u043c\u044f \u043f\u043e\u0434\u0443\u043c\u0430\u0442\u044c \u043e \u0442\u043e\u043c, \u0432 \u043a\u0430\u043a\u043e\u0439 \u043a\u043b\u0430\u0441\u0441 \u043f\u043e\u0439\u0434\u0435\u0442 \u0412\u0430\u0448 \u0440\u0435\u0431\u0435\u043d\u043e\u043a &#8212; \u0432 \u043a\u043b\u0430\u0441\u0441 \u044f\u0437\u044b\u043a\u043e\u0432\u043e\u0433\u043e \u043f\u043e\u0433\u0440\u0443\u0436\u0435\u043d\u0438\u044f \u0438\u043b\u0438 \u0432 26 \u0448\u043a\u043e\u043b\u0443 \u0432 \u00ab\u044d\u0441\u0442\u043e\u043d\u0441\u043a\u0438\u0439 \u043a\u043b\u0430\u0441\u0441\u00bb \u0438\u043b\u0438 \u0432 \u0440\u0443\u0441\u0441\u043a\u0438\u0439 \u043a\u043b\u0430\u0441\u0441, \u0433\u0434\u0435 loodus\u00f5petus \u0438 inimese\u00f5petus \u043d\u0430 \u044d\u0441\u0442\u043e\u043d\u0441\u043a\u043e\u043c \u044f\u0437\u044b\u043a\u0435.\u00a0<\/span><\/h1>\n<p style=\"font-family: Arial, Helvetica, sans-serif;\"><span style=\"font-family: 'Times New Roman'; color: #003366;\"><span style=\"font-family: arial, helvetica, sans-serif; font-size: small;\">\u041a\u0430\u0436\u0434\u044b\u0439 \u0440\u043e\u0434\u0438\u0442\u0435\u043b\u044c \u0445\u043e\u0447\u0435\u0442, \u0447\u0442\u043e\u0431\u044b \u0435\u0433\u043e \u0440\u0435\u0431\u0451\u043d\u043e\u043a \u0441\u043f\u0440\u0430\u0432\u0438\u043b\u0441\u044f \u0441 \u043e\u0431\u0443\u0447\u0435\u043d\u0438\u0435\u043c \u0432 \u0448\u043a\u043e\u043b\u0435.<\/span><\/span><\/p>\n<p style=\"font-family: Arial, Helvetica, sans-serif;\"><strong style=\"color: #003366; font-family: arial, helvetica, sans-serif;\">M\u00e4ngukool<\/strong><span style=\"color: #003366; font-family: arial, helvetica, sans-serif;\">\u00a0(\u0434\u043b\u044f \u0440\u0435\u0431\u044f\u0442 5-7 \u043b\u0435\u0442)\u00a0&#8212; \u0440\u0435\u0430\u043b\u044c\u043d\u044b\u0439 \u0448\u0430\u043d\u0441 \u043f\u043e\u0432\u044b\u0441\u0438\u0442\u044c \u0443\u0440\u043e\u0432\u0435\u043d\u044c \u0432\u043b\u0430\u0434\u0435\u043d\u0438\u044f \u044d\u0441\u0442\u043e\u043d\u0441\u043a\u0438\u043c \u044f\u0437\u044b\u043a\u043e\u043c \u0438 \u043f\u043e\u0434\u0433\u043e\u0442\u043e\u0432\u0438\u0442\u044c\u0441\u044f \u043a \u043e\u0431\u0443\u0447\u0435\u043d\u0438\u044e \u0432 \u0448\u043a\u043e\u043b\u0435.<\/span><span style=\"color: #003366;\">\u00a0<\/span><\/p>\n<p style=\"font-family: Arial, Helvetica, sans-serif;\"><span style=\"color: #003366;\"><span style=\"font-size: medium;\">\u00a0<\/span>\u041a\u0443\u0440\u0441 \u0437\u0430\u043d\u044f\u0442\u0438\u0439 \u043d\u0430 \u044d\u0441\u0442\u043e\u043d\u0441\u043a\u043e\u043c \u044f\u0437\u044b\u043a\u0435 \u043f\u043e \u043f\u0440\u043e\u0433\u0440\u0430\u043c\u043c\u0435\u00a0<strong>\u201eM\u00e4ngukool&#187;<\/strong>\u00a0\u0432\u043a\u043b\u044e\u0447\u0430\u0435\u0442:<\/span><span style=\"color: #003366;\">\u00a0<\/span><\/p>\n<p style=\"font-family: Arial, Helvetica, sans-serif;\"><span style=\"color: #003366;\">\u2022 <strong>\u0440\u0430\u0437\u0432\u0438\u0442\u0438\u0435 \u0440\u0435\u0447\u0438 \u043d\u0430 \u044d\u0441\u0442\u043e\u043d\u0441\u043a\u043e\u043c \u044f\u0437\u044b\u043a\u0435<\/strong>\u00a0(\u0438\u0433\u0440\u044b \u043d\u0430 \u0440\u0430\u0441\u0448\u0438\u0440\u0435\u043d\u0438\u0435 \u0441\u043b\u043e\u0432\u0430\u0440\u043d\u043e\u0433\u043e \u0437\u0430\u043f\u0430\u0441\u0430, \u043e\u0431\u0443\u0447\u0435\u043d\u0438\u0435 \u0447\u0442\u0435\u043d\u0438\u044e, \u043e\u0431\u044b\u0433\u0440\u044b\u0432\u0430\u043d\u0438\u0435 \u0440\u0435\u0447\u0435\u0432\u044b\u0445 \u0441\u0438\u0442\u0443\u0430\u0446\u0438\u0439, \u0434\u0438\u0430\u043b\u043e\u0433\u0438, \u0440\u043e\u043b\u0435\u0432\u044b\u0435 \u0438\u0433\u0440\u044b, \u0431\u0435\u0441\u0435\u0434\u044b, \u043f\u0435\u0440\u0435\u0441\u043a\u0430\u0437, \u043e\u043f\u0438\u0441\u0430\u043d\u0438\u0435, \u0441\u043e\u0441\u0442a\u0432\u043b\u0435\u043d\u0438\u0435 \u0440\u0430\u0441\u0441\u043a\u0430\u0437\u043e\u0432);<\/span><br \/>\n<span style=\"color: #003366;\">\u2022 <strong>\u043c\u0430\u0442\u0435\u043c\u0430\u0442\u0438\u043a\u0430<\/strong>\u00a0(\u0447\u0438\u0441\u043b\u0430, \u0433\u0435\u043e\u043c\u0435\u0442\u0440\u0438\u0447\u0435\u0441\u043a\u0438\u0435 \u0444\u0438\u0433\u0443\u0440\u044b, \u0441\u0440\u0430\u0432\u043d\u0435\u043d\u0438\u0435, \u0434\u0435\u043d\u0435\u0436\u043d\u044b\u0435 \u0435\u0434\u0438\u043d\u0438\u0446\u044b, \u0432\u043b\u0430\u0434\u0435\u043d\u0438\u0435 \u043c\u0430\u0442\u0435\u043c\u0430\u0442\u0438\u0447\u0435\u0441\u043a\u0438\u043c\u0438 \u043f\u043e\u043d\u044f\u0442\u0438\u044f\u043c\u0438 &#8212; ees-taga, \u00fclal-all, l\u00fchike-pikk, v\u00e4ike-suur, esimene-viimane jne, \u0441\u043e\u0441\u0442\u0430\u0432\u043b\u0435\u043d\u0438\u0435 \u043c\u0430\u0442\u0435\u043c\u0430\u0442\u0438\u0447\u0435\u0441\u043a\u0438\u0445\/\u0440\u0430\u0441\u0441\u043a\u0430\u0437\u043e\u0432 \u0437\u0430\u0434\u0430\u0447);\u00a0<\/span><br \/>\n<span style=\"color: #003366;\">\u2022 <strong>\u043f\u0440\u0438\u0440\u043e\u0434\u043e\u0432\u0435\u0434\u0435\u043d\u0438\u0435\/loodus\u00f5petus\u00a0<\/strong>(\u0440\u0430\u0441\u0448\u0438\u0440\u0435\u043d\u0438\u0435 \u043a\u0440\u0443\u0433\u043e\u0437\u043e\u0440\u0430, \u043e\u0440\u0438\u0435\u043d\u0442\u0438\u0440\u043e\u0432\u0430\u043d\u0438\u0435 \u0432 \u043f\u0440\u0438\u0440\u043e\u0434\u0435, \u043f\u0440\u0435\u0434\u043c\u0435\u0442\u0430\u0445, \u044f\u0432\u043b\u0435\u043d\u0438\u044f\u0445);\u00a0<\/span><br \/>\n<span style=\"color: #003366;\">\u2022 <strong>\u0447\u0442\u0435\u043d\u0438\u0435 \u0438 \u043f\u0438\u0441\u044c\u043c\u043e<\/strong>\u00a0(\u0437\u043d\u0430\u043a\u043e\u043c\u0441\u0442\u0432\u043e \u0441\u043e \u0437\u0432\u0443\u043a\u0430\u043c\u0438 \u0438 \u0431\u0443\u043a\u0432\u0430\u043c\u0438, \u043e\u0431\u0443\u0447\u0435\u043d\u0438\u0435 \u0447\u0442\u0435\u043d\u0438\u044e, \u043f\u043e\u0434\u0433\u043e\u0442\u043e\u0432\u043a\u0430 \u0440\u0443\u043a\u0438 \u043a \u043f\u0438\u0441\u044c\u043c\u0443);\u00a0<\/span><br \/>\n<span style=\"color: #003366;\">\u2022<strong>\u00a0\u0440\u0430\u0437\u0432\u0438\u0432\u0430\u044e\u0449\u0438\u0435\u00a0\u0438\u0433\u0440\u044b<\/strong><br \/>\n<span style=\"color: #000000;\"><span style=\"color: #003366;\">\u042d\u0442\u043e \u043e\u0441\u043d\u043e\u0432\u043d\u044b\u0435 \u043d\u0430\u043f\u0440\u0430\u0432\u043b\u0435\u043d\u0438\u044f, \u043a\u043e\u0442\u043e\u0440\u044b\u0435 \u0434\u0430\u044e\u0442 \u0412\u0430\u0448\u0435\u043c\u0443 \u0440\u0435\u0431\u0451\u043d\u043a\u0443 \u0445\u043e\u0440\u043e\u0448\u0435\u0435 \u0444\u0443\u043d\u043a\u0446\u0438\u043e\u043d\u0430\u043b\u044c\u043d\u043e\u0435 \u0432\u043b\u0430\u0434\u0435\u043d\u0438\u0438 \u0432\u0442\u043e\u0440\u044b\u043c \u044f\u0437\u044b\u043a\u043e\u043c.<\/span><span style=\"color: #003366;\">\u00a0<\/span><\/span><\/span><\/p>\n<p style=\"font-family: Arial, Helvetica, sans-serif;\"><span style=\"color: #003366;\"><span style=\"color: #000000;\">\u0412 \u0445\u043e\u0434\u0435 \u0443\u0447\u0435\u0431\u043d\u043e\u0433\u043e \u043f\u0440\u043e\u0446\u0435\u0441\u0441\u0430 \u0443 \u043a\u0430\u0436\u0434\u043e\u0433\u043e \u0440\u0435\u0431\u0435\u043d\u043a\u0430 \u043f\u043e\u043f\u043e\u043b\u043d\u044f\u0435\u0442\u0441\u044f \u0443\u0447\u0435\u0431\u043d\u0430\u044f \u043f\u0430\u043f\u043a\u0430, \u043a\u043e\u0442\u043e\u0440\u0430\u044f \u0441\u043e\u0441\u0442\u043e\u0438\u0442 \u0438\u0437 \u0441\u0438\u0441\u0442\u0435\u043c\u0430\u0442\u0438\u0447\u0435\u0441\u043a\u0438 \u0441\u043e\u0441\u0442\u0430\u0432\u043b\u0435\u043d\u043d\u044b\u0445 \u0440\u0430\u0431\u043e\u0447\u0438\u0445 \u043b\u0438\u0441\u0442\u043e\u0432.\u00a0<\/span><br \/>\n<\/span><\/p>\n<p style=\"font-family: Arial, Helvetica, sans-serif;\">\u041d\u0430 2 \u0447\u0430\u0441\u0430 \u0412\u0430\u0448 \u0440\u0435\u0431\u0451\u043d\u043e\u043a \u0432 \u0443\u0432\u043b\u0435\u043a\u0430\u0442\u0435\u043b\u044c\u043d\u043e\u0439 \u0438\u0433\u0440\u043e\u0432\u043e\u0439 \u0444\u043e\u0440\u043c\u0435 \u043f\u043e\u0433\u0440\u0443\u0436\u0430\u0435\u0442\u0441\u044f \u0432 \u044d\u0441\u0442\u043e\u043d\u0441\u043a\u0438\u0439 \u044f\u0437\u044b\u043a. \u0423\u0447\u0430\u0441\u0442\u0432\u0443\u044f \u0432 \u0438\u0433\u0440\u0430\u0445 \u0438 \u0440\u0430\u0437\u043d\u043e\u043e\u0431\u0440\u0430\u0437\u043d\u043e\u0439 \u0434\u0435\u044f\u0442\u0435\u043b\u044c\u043d\u043e\u0441\u0442\u0438 \u043d\u0430 \u044d\u0441\u0442\u043e\u043d\u0441\u043a\u043e\u043c \u044f\u0437\u044b\u043a\u0435,\u00a0<strong>\u0440\u0435\u0431\u0451\u043d\u043e\u043a \u0433\u043e\u0442\u043e\u0432\u0438\u0442\u0441\u044f \u043a \u0448\u043a\u043e\u043b\u0435, \u0432 \u0442\u043e\u043c \u0447\u0438\u0441\u043b\u0435 \u043a \u0438\u0437\u0443\u0447\u0435\u043d\u0438\u044e \u043d\u0435\u043a\u043e\u0442\u043e\u0440\u044b\u0445 \u0434\u0438\u0441\u0446\u0438\u043f\u043b\u0438\u043d \u043d\u0430 \u044d\u0441\u0442\u043e\u043d\u0441\u043a\u043e\u043c \u044f\u0437\u044b\u043a\u0435.<\/strong>\u00a0\u0410 \u0438\u0433\u0440\u043e\u0432\u0430\u044f \u0444\u043e\u0440\u043c\u0430 \u043f\u043e\u043c\u043e\u0433\u0430\u0435\u0442 \u0435\u043c\u0443 \u0440\u0430\u0437\u0433\u043e\u0432\u043e\u0440\u0438\u0442\u044c\u0441\u044f \u0438 \u043f\u0440\u0435\u043e\u0434\u043e\u043b\u0435\u0442\u044c \u044f\u0437\u044b\u043a\u043e\u0432\u043e\u0439 \u0431\u0430\u0440\u044c\u0435\u0440.<\/p>\n<p style=\"font-family: Arial, Helvetica, sans-serif;\"><span style=\"color: #222222;\">Kursus on ette n\u00e4htud lastele, kelle vanemad soovivad oma last panna kas keelek\u00fcmblusklassi v\u00f5i eesti kooli.<\/span><br style=\"color: #222222;\" \/><span style=\"color: #222222;\">M\u00e4ngukooli \u00fclesandeks on lapse mitmek\u00fclgne arendamine ja \u00f5petamine, et eesti keelekekonnas tal ei tekkiks raskusi ja saaks hakkama. M\u00e4ngukooli kursus sisaldab kooliks ettevalmistavat tegevust: \u00f5pitakse ennast v\u00e4ljendama, \u00fcmber jutustama, uusi s\u00f5nu ja v\u00e4ljendeid, samuti t\u00e4hti-numbreid, lugemist-kirjutamist, \u00f5pitakse tundma loodus\u00f5petuse ja matemaatika m\u00f5isteid, koostama matemaatilisi jutukesi, samuti harjutatakse sotsiaalseid oskusi \u00a0\u2013 koos teistega tegustemist, arvestamist, p\u00fcsivust<\/span><br style=\"color: #222222;\" \/><br style=\"color: #222222;\" \/><span style=\"color: #222222;\">Sama olulised on kooliks ettevalmistamise puhul kuulamis- ja vaatlusoskus ning suhtlemis- ja eesti keeles r\u00e4\u00e4kimisjulgus.<\/span><\/p>\n<p><a title=\"\u0423\u0447\u0435\u0431\u043d\u044b\u0439 \u043f\u043b\u0430\u043d \u043d\u0430 2013\/2014 \u0433\u043e\u0434\" href=\"https:\/\/www.optimumsemper.ee\/rus\/tunniplaan\/\"><span style=\"color: #003366;\">\u0420\u0430\u0441\u043f\u0438\u0441\u0430\u043d\u0438\u0435<\/span><\/a><\/p>\n<p><a title=\"\u041f\u043e\u0440\u044f\u0434\u043e\u043a \u0438 \u0443\u0441\u043b\u043e\u0432\u0438\u044f \u043e\u043f\u043b\u0430\u0442\u044b \u0437\u0430 \u043e\u0431\u0443\u0447\u0435\u043d\u0438\u0435 \u0432 2013\/2014 \u0433\u043e\u0434\u0443\" href=\"https:\/\/www.optimumsemper.ee\/rus\/oppemaks\/\"><span style=\"color: #003366;\">\u041e\u043f\u043b\u0430\u0442\u0430<\/span><\/a><\/p>\n<p><a href=\"https:\/\/www.optimumsemper.ee\/rus\/wp-content\/uploads\/sites\/2\/2013\/09\/M--NGUKOOL_FACEBOOK-e1441517447128.jpg\" rel=\"lightbox[870]\"><img loading=\"lazy\" decoding=\"async\" class=\" wp-image-1619 aligncenter\" src=\"https:\/\/www.optimumsemper.ee\/rus\/wp-content\/uploads\/sites\/2\/2013\/09\/M--NGUKOOL_FACEBOOK-150x150.jpg\" alt=\"M\u00c4NGUKOOL_FACEBOOK\" width=\"193\" height=\"150\" \/><\/a><\/p>\n","protected":false},"excerpt":{"rendered":"<p>\u0421\u0430\u043c\u043e\u0435 \u0432\u0440\u0435\u043c\u044f \u043f\u043e\u0434\u0443\u043c\u0430\u0442\u044c \u043e \u0442\u043e\u043c, \u0432 \u043a\u0430\u043a\u043e\u0439 \u043a\u043b\u0430\u0441\u0441 \u043f\u043e\u0439\u0434\u0435\u0442 \u0412\u0430\u0448 \u0440\u0435\u0431\u0435\u043d\u043e\u043a &#8212; \u0432 \u043a\u043b\u0430\u0441\u0441 \u044f\u0437\u044b\u043a\u043e\u0432\u043e\u0433\u043e \u043f\u043e\u0433\u0440\u0443\u0436\u0435\u043d\u0438\u044f \u0438\u043b\u0438 \u0432 26 \u0448\u043a\u043e\u043b\u0443 \u0432 \u00ab\u044d\u0441\u0442\u043e\u043d\u0441\u043a\u0438\u0439 \u043a\u043b\u0430\u0441\u0441\u00bb \u0438\u043b\u0438 \u0432 \u0440\u0443\u0441\u0441\u043a\u0438\u0439 \u043a\u043b\u0430\u0441\u0441, \u0433\u0434\u0435 loodus\u00f5petus \u0438 inimese\u00f5petus \u043d\u0430 \u044d\u0441\u0442\u043e\u043d\u0441\u043a\u043e\u043c \u044f\u0437\u044b\u043a\u0435.\u00a0 \u041a\u0430\u0436\u0434\u044b\u0439 \u0440\u043e\u0434\u0438\u0442\u0435\u043b\u044c \u0445\u043e\u0447\u0435\u0442, \u0447\u0442\u043e\u0431\u044b \u0435\u0433\u043e \u0440\u0435\u0431\u0451\u043d\u043e\u043a \u0441\u043f\u0440\u0430\u0432\u0438\u043b\u0441\u044f \u0441 \u043e\u0431\u0443\u0447\u0435\u043d\u0438\u0435\u043c \u0432 \u0448\u043a\u043e\u043b\u0435. M\u00e4ngukool\u00a0(\u0434\u043b\u044f \u0440\u0435\u0431\u044f\u0442 5-7 \u043b\u0435\u0442)\u00a0&#8212; \u0440\u0435\u0430\u043b\u044c\u043d\u044b\u0439 \u0448\u0430\u043d\u0441 \u043f\u043e\u0432\u044b\u0441\u0438\u0442\u044c \u0443\u0440\u043e\u0432\u0435\u043d\u044c \u0432\u043b\u0430\u0434\u0435\u043d\u0438\u044f \u044d\u0441\u0442\u043e\u043d\u0441\u043a\u0438\u043c [&hellip;]<\/p>\n","protected":false},"author":1,"featured_media":0,"parent":42,"menu_order":0,"comment_status":"open","ping_status":"open","template":"page-meist.php","meta":{"footnotes":""},"class_list":["post-870","page","type-page","status-publish","hentry"],"_links":{"self":[{"href":"https:\/\/www.optimumsemper.ee\/rus\/wp-json\/wp\/v2\/pages\/870","targetHints":{"allow":["GET"]}}],"collection":[{"href":"https:\/\/www.optimumsemper.ee\/rus\/wp-json\/wp\/v2\/pages"}],"about":[{"href":"https:\/\/www.optimumsemper.ee\/rus\/wp-json\/wp\/v2\/types\/page"}],"author":[{"embeddable":true,"href":"https:\/\/www.optimumsemper.ee\/rus\/wp-json\/wp\/v2\/users\/1"}],"replies":[{"embeddable":true,"href":"https:\/\/www.optimumsemper.ee\/rus\/wp-json\/wp\/v2\/comments?post=870"}],"version-history":[{"count":5,"href":"https:\/\/www.optimumsemper.ee\/rus\/wp-json\/wp\/v2\/pages\/870\/revisions"}],"predecessor-version":[{"id":1930,"href":"https:\/\/www.optimumsemper.ee\/rus\/wp-json\/wp\/v2\/pages\/870\/revisions\/1930"}],"up":[{"embeddable":true,"href":"https:\/\/www.optimumsemper.ee\/rus\/wp-json\/wp\/v2\/pages\/42"}],"wp:attachment":[{"href":"https:\/\/www.optimumsemper.ee\/rus\/wp-json\/wp\/v2\/media?parent=870"}],"curies":[{"name":"wp","href":"https:\/\/api.w.org\/{rel}","templated":true}]}}